{"id":1065,"date":"2026-03-30T15:30:49","date_gmt":"2026-03-30T15:30:49","guid":{"rendered":"https:\/\/cacia.uplifi.ca\/?page_id=1065"},"modified":"2026-04-15T02:31:46","modified_gmt":"2026-04-15T02:31:46","slug":"formations","status":"publish","type":"page","link":"https:\/\/toudeh-pmo.com\/en\/formations\/","title":{"rendered":"Formations"},"content":{"rendered":"\t\t<div data-elementor-type=\"wp-page\" data-elementor-id=\"1065\" class=\"elementor elementor-1065\" data-elementor-post-type=\"page\">\n\t\t\t\t<div class=\"elementor-element elementor-element-56953129 e-flex e-con-boxed wpr-particle-no wpr-jarallax-no wpr-parallax-no wpr-sticky-section-no e-con e-parent\" data-id=\"56953129\" data-element_type=\"container\" data-e-type=\"container\" data-settings=\"{&quot;background_background&quot;:&quot;classic&quot;}\">\n\t\t\t\t\t<div class=\"e-con-inner\">\n\t\t<div class=\"elementor-element elementor-element-2c507fad e-con-full e-flex wpr-particle-no wpr-jarallax-no wpr-parallax-no wpr-sticky-section-no elementor-invisible e-con e-child\" data-id=\"2c507fad\" data-element_type=\"container\" data-e-type=\"container\" data-settings=\"{&quot;animation&quot;:&quot;fadeInUp&quot;}\">\n\t\t\t\t<div class=\"elementor-element elementor-element-52176db elementor-widget elementor-widget-heading\" data-id=\"52176db\" data-element_type=\"widget\" data-e-type=\"widget\" data-widget_type=\"heading.default\">\n\t\t\t\t\t<h1 class=\"elementor-heading-title elementor-size-default\">Formations<\/h1>\t\t\t\t<\/div>\n\t\t\t\t<div class=\"elementor-element elementor-element-83a4635 elementor-widget elementor-widget-text-editor\" data-id=\"83a4635\" data-element_type=\"widget\" data-e-type=\"widget\" data-widget_type=\"text-editor.default\">\n\t\t\t\t\t\t\t\t\t<p><span style=\"font-weight: 400;\">Un espace de lecture, de r\u00e9flexion et de partage des id\u00e9es.<\/span><\/p>\t\t\t\t\t\t\t\t<\/div>\n\t\t<div class=\"elementor-element elementor-element-aec14d3 e-con-full e-flex wpr-particle-no wpr-jarallax-no wpr-parallax-no wpr-sticky-section-no e-con e-child\" data-id=\"aec14d3\" data-element_type=\"container\" data-e-type=\"container\">\n\t\t\t\t<div class=\"elementor-element elementor-element-53686d1 elementor-widget elementor-widget-button\" data-id=\"53686d1\" data-element_type=\"widget\" data-e-type=\"widget\" data-widget_type=\"button.default\">\n\t\t\t\t\t\t\t\t\t\t<a class=\"elementor-button elementor-button-link elementor-size-sm\" href=\"#\">\n\t\t\t\t\t\t<span class=\"elementor-button-content-wrapper\">\n\t\t\t\t\t\t\t\t\t<span class=\"elementor-button-text\">Rejoindre le club<\/span>\n\t\t\t\t\t<\/span>\n\t\t\t\t\t<\/a>\n\t\t\t\t\t\t\t\t<\/div>\n\t\t\t\t<div class=\"elementor-element elementor-element-bc95bf2 elementor-widget elementor-widget-button\" data-id=\"bc95bf2\" data-element_type=\"widget\" data-e-type=\"widget\" data-widget_type=\"button.default\">\n\t\t\t\t\t\t\t\t\t\t<a class=\"elementor-button elementor-size-sm\" role=\"button\">\n\t\t\t\t\t\t<span class=\"elementor-button-content-wrapper\">\n\t\t\t\t\t\t\t\t\t<span class=\"elementor-button-text\">Participer aux activit\u00e9s<\/span>\n\t\t\t\t\t<\/span>\n\t\t\t\t\t<\/a>\n\t\t\t\t\t\t\t\t<\/div>\n\t\t\t\t<\/div>\n\t\t\t\t<\/div>\n\t\t\t\t\t<\/div>\n\t\t\t\t<\/div>\n\t\t<div class=\"elementor-element elementor-element-f4ae115 e-flex e-con-boxed wpr-particle-no wpr-jarallax-no wpr-parallax-no wpr-sticky-section-no e-con e-parent\" data-id=\"f4ae115\" data-element_type=\"container\" data-e-type=\"container\">\n\t\t\t\t\t<div class=\"e-con-inner\">\n\t\t<div class=\"elementor-element elementor-element-804dbf7 e-con-full e-flex wpr-particle-no wpr-jarallax-no wpr-parallax-no wpr-sticky-section-no e-con e-child\" data-id=\"804dbf7\" data-element_type=\"container\" data-e-type=\"container\" data-settings=\"{&quot;sticky&quot;:&quot;top&quot;,&quot;sticky_on&quot;:[&quot;desktop&quot;],&quot;sticky_offset&quot;:200,&quot;sticky_offset_tablet&quot;:0,&quot;sticky_effects_offset&quot;:0,&quot;sticky_anchor_link_offset&quot;:0}\">\n\t\t\t\t<div class=\"elementor-element elementor-element-0fb5cdd elementor-widget elementor-widget-text-editor\" data-id=\"0fb5cdd\" data-element_type=\"widget\" data-e-type=\"widget\" data-widget_type=\"text-editor.default\">\n\t\t\t\t\t\t\t\t\t<aside class=\"hbs-archive-page-content__aside-wrapper\"><div class=\"hbs-archive-page-content__aside\"><div class=\"hbs-facets\" data-state=\"open\"><fieldset><legend class=\"hbs-facets__title\">Topics<\/legend><div id=\"radix-:rh:\" class=\"hbs-facets__accordion-menu\" data-state=\"open\"><div class=\"hbs-facets__item\"><button id=\"facet-1-:ri:\" class=\"hbs-facets__checkbox\" role=\"checkbox\" type=\"button\" value=\"on\" aria-checked=\"false\" data-state=\"unchecked\"><span class=\"hbs-global-visually-hidden\">Filter by\u00a0General Management\u00a03<\/span><\/button><label class=\"hbs-facets__label\" for=\"facet-1-:ri:\" aria-hidden=\"true\">General Management\u00a0<span class=\"hbs-facets__number\">3<\/span><\/label><\/div><div class=\"hbs-facets__item\"><button id=\"facet-2-:ri:\" class=\"hbs-facets__checkbox\" role=\"checkbox\" type=\"button\" value=\"on\" aria-checked=\"false\" data-state=\"unchecked\"><span class=\"hbs-global-visually-hidden\">Filter by\u00a0Leadership\u00a04<\/span><\/button><label class=\"hbs-facets__label\" for=\"facet-2-:ri:\" aria-hidden=\"true\">Leadership\u00a0<span class=\"hbs-facets__number\">4<\/span><\/label><\/div><div class=\"hbs-facets__item\">\u00a0<\/div><\/div><\/fieldset><\/div><div class=\"hbs-facets\" data-state=\"open\"><fieldset><legend class=\"hbs-facets__title\">Formats<\/legend><div id=\"radix-:rj:\" class=\"hbs-facets__accordion-menu\" data-state=\"open\"><div class=\"hbs-facets__item\"><button id=\"facet-1-:rk:\" class=\"hbs-facets__checkbox\" role=\"checkbox\" type=\"button\" value=\"on\" aria-checked=\"false\" data-state=\"unchecked\"><span class=\"hbs-global-visually-hidden\">Filter by\u00a0Blended\u00a03<\/span><\/button><label class=\"hbs-facets__label\" for=\"facet-1-:rk:\" aria-hidden=\"true\">Blended\u00a0<span class=\"hbs-facets__number\">3<\/span><\/label><\/div><div class=\"hbs-facets__item\"><button id=\"facet-2-:rk:\" class=\"hbs-facets__checkbox\" role=\"checkbox\" type=\"button\" value=\"on\" aria-checked=\"false\" data-state=\"unchecked\"><span class=\"hbs-global-visually-hidden\">Filter by\u00a0In-Person\u00a04<\/span><\/button><label class=\"hbs-facets__label\" for=\"facet-2-:rk:\" aria-hidden=\"true\">In-Person\u00a0<span class=\"hbs-facets__number\">4<\/span><\/label><\/div><div class=\"hbs-facets__item\">\u00a0<\/div><\/div><\/fieldset><\/div><div class=\"hbs-facets\" data-state=\"open\"><fieldset><legend class=\"hbs-facets__title\">Program Types<\/legend><div id=\"radix-:rl:\" class=\"hbs-facets__accordion-menu\" data-state=\"open\"><div class=\"hbs-facets__item\"><button id=\"facet-1-:rm:\" class=\"hbs-facets__checkbox\" role=\"checkbox\" type=\"button\" value=\"on\" aria-checked=\"true\" data-state=\"checked\"><span class=\"hbs-global-visually-hidden\">Filter by\u00a0Leadership Immersions\u00a07<\/span><\/button><label class=\"hbs-facets__label\" for=\"facet-1-:rm:\" aria-hidden=\"true\">Leadership Immersions\u00a0<span class=\"hbs-facets__number\">7<\/span><\/label><\/div><div class=\"hbs-facets__item\"><button id=\"facet-2-:rm:\" class=\"hbs-facets__checkbox\" role=\"checkbox\" type=\"button\" value=\"on\" aria-checked=\"false\" data-state=\"unchecked\"><span class=\"hbs-global-visually-hidden\">Filter by\u00a0Topic-Focused Programs\u00a059<\/span><\/button><label class=\"hbs-facets__label\" for=\"facet-2-:rm:\" aria-hidden=\"true\">Topic-Focused Programs\u00a0<span class=\"hbs-facets__number\">59<\/span><\/label><\/div><div class=\"hbs-facets__item\">\u00a0<\/div><\/div><\/fieldset><\/div><div class=\"hbs-facets\" data-state=\"open\"><fieldset><legend class=\"hbs-facets__title\">Filter by Program Start Date<\/legend><div id=\"radix-:rf:\" class=\"hbs-facets__accordion-menu\" data-state=\"open\"><div class=\"hbs-facets__date-picker-wrapper\"><div class=\"hbs-facets__date-picker-inputs\"><input class=\"hbs-facets__date-picker-input-field\" name=\"from\" type=\"text\" value=\"\" placeholder=\"4\/7\/2026\" aria-label=\"Start date\" \/><span class=\"hbs-facets__date-picker-input-separator\" aria-hidden=\"true\">\u2013<\/span><input class=\"hbs-facets__date-picker-input-field\" name=\"to\" type=\"text\" value=\"\" placeholder=\"12\/30\/2028\" aria-label=\"End date\" \/><button class=\"hbs-facets__date-picker-calendar-button\" type=\"button\" aria-haspopup=\"dialog\" aria-expanded=\"false\" aria-controls=\"radix-:rg:\" data-state=\"closed\" aria-label=\"Open calendar\" data-testid=\"date-picker-button\"><\/button><\/div><\/div><\/div><\/fieldset><\/div><\/div><\/aside><div class=\"hbs-archive-page-content__main\"><section class=\"hbs-archive-page-content__children\"><div class=\"hbs-global-align-wide hbs-component--tease-feed\" data-region=\"cb__tease-feed__program\"><div class=\"hbs-tease-feed\"><div class=\"hbs-tease-feed__header\"><div class=\"hbs-tease-feed__search-info\"><div class=\"hbs-search-stats\">\u00a0<\/div><\/div><\/div><\/div><\/div><\/section><\/div>\t\t\t\t\t\t\t\t<\/div>\n\t\t\t\t<\/div>\n\t\t<div class=\"elementor-element elementor-element-f8d0b14 e-con-full e-flex wpr-particle-no wpr-jarallax-no wpr-parallax-no wpr-sticky-section-no e-con e-child\" data-id=\"f8d0b14\" data-element_type=\"container\" data-e-type=\"container\">\n\t\t<div class=\"elementor-element elementor-element-3574bb5 e-con-full e-flex wpr-particle-no wpr-jarallax-no wpr-parallax-no wpr-sticky-section-no e-con e-child\" data-id=\"3574bb5\" data-element_type=\"container\" data-e-type=\"container\">\n\t\t<div class=\"elementor-element elementor-element-c81da17 e-con-full e-flex wpr-particle-no wpr-jarallax-no wpr-parallax-no wpr-sticky-section-no e-con e-child\" data-id=\"c81da17\" data-element_type=\"container\" data-e-type=\"container\">\n\t\t\t\t<div class=\"elementor-element elementor-element-93aa6d2 elementor-widget elementor-widget-heading\" data-id=\"93aa6d2\" data-element_type=\"widget\" data-e-type=\"widget\" data-widget_type=\"heading.default\">\n\t\t\t\t\t<h2 class=\"elementor-heading-title elementor-size-default\">Begins May 10, 2026<\/h2>\t\t\t\t<\/div>\n\t\t\t\t<div class=\"elementor-element elementor-element-b1df017 elementor-widget elementor-widget-heading\" data-id=\"b1df017\" data-element_type=\"widget\" data-e-type=\"widget\" data-widget_type=\"heading.default\">\n\t\t\t\t\t<h2 class=\"elementor-heading-title elementor-size-default\">\nOwner\/President Management<\/h2>\t\t\t\t<\/div>\n\t\t\t\t<\/div>\n\t\t<div class=\"elementor-element elementor-element-49ae48f e-con-full e-flex wpr-particle-no wpr-jarallax-no wpr-parallax-no wpr-sticky-section-no e-con e-child\" data-id=\"49ae48f\" data-element_type=\"container\" data-e-type=\"container\">\n\t\t\t\t<div class=\"elementor-element elementor-element-2930229 elementor-widget elementor-widget-button\" data-id=\"2930229\" data-element_type=\"widget\" data-e-type=\"widget\" data-widget_type=\"button.default\">\n\t\t\t\t\t\t\t\t\t\t<a class=\"elementor-button elementor-button-link elementor-size-sm\" href=\"#\">\n\t\t\t\t\t\t<span class=\"elementor-button-content-wrapper\">\n\t\t\t\t\t\t\t\t\t<span class=\"elementor-button-text\"> View Full Program<\/span>\n\t\t\t\t\t<\/span>\n\t\t\t\t\t<\/a>\n\t\t\t\t\t\t\t\t<\/div>\n\t\t\t\t<\/div>\n\t\t\t\t<\/div>\n\t\t<div class=\"elementor-element elementor-element-1c9f648 e-con-full e-flex wpr-particle-no wpr-jarallax-no wpr-parallax-no wpr-sticky-section-no e-con e-child\" data-id=\"1c9f648\" data-element_type=\"container\" data-e-type=\"container\">\n\t\t<div class=\"elementor-element elementor-element-ab0a5cd e-con-full e-flex wpr-particle-no wpr-jarallax-no wpr-parallax-no wpr-sticky-section-no e-con e-child\" data-id=\"ab0a5cd\" data-element_type=\"container\" data-e-type=\"container\">\n\t\t\t\t<div class=\"elementor-element elementor-element-777aa7c elementor-widget elementor-widget-heading\" data-id=\"777aa7c\" data-element_type=\"widget\" data-e-type=\"widget\" data-widget_type=\"heading.default\">\n\t\t\t\t\t<h2 class=\"elementor-heading-title elementor-size-default\">Begins May 10, 2026<\/h2>\t\t\t\t<\/div>\n\t\t\t\t<div class=\"elementor-element elementor-element-c58d50b elementor-widget elementor-widget-heading\" data-id=\"c58d50b\" data-element_type=\"widget\" data-e-type=\"widget\" data-widget_type=\"heading.default\">\n\t\t\t\t\t<h2 class=\"elementor-heading-title elementor-size-default\">\nProgram for Leadership Development\nA<\/h2>\t\t\t\t<\/div>\n\t\t\t\t<\/div>\n\t\t<div class=\"elementor-element elementor-element-6b14a69 e-con-full e-flex wpr-particle-no wpr-jarallax-no wpr-parallax-no wpr-sticky-section-no e-con e-child\" data-id=\"6b14a69\" data-element_type=\"container\" data-e-type=\"container\">\n\t\t\t\t<div class=\"elementor-element elementor-element-62626f8 elementor-widget elementor-widget-button\" data-id=\"62626f8\" data-element_type=\"widget\" data-e-type=\"widget\" data-widget_type=\"button.default\">\n\t\t\t\t\t\t\t\t\t\t<a class=\"elementor-button elementor-button-link elementor-size-sm\" href=\"#\">\n\t\t\t\t\t\t<span class=\"elementor-button-content-wrapper\">\n\t\t\t\t\t\t\t\t\t<span class=\"elementor-button-text\"> View Full Program<\/span>\n\t\t\t\t\t<\/span>\n\t\t\t\t\t<\/a>\n\t\t\t\t\t\t\t\t<\/div>\n\t\t\t\t<\/div>\n\t\t\t\t<\/div>\n\t\t<div class=\"elementor-element elementor-element-3f75aba e-con-full e-flex wpr-particle-no wpr-jarallax-no wpr-parallax-no wpr-sticky-section-no e-con e-child\" data-id=\"3f75aba\" data-element_type=\"container\" data-e-type=\"container\">\n\t\t<div class=\"elementor-element elementor-element-6e02ad4 e-con-full e-flex wpr-particle-no wpr-jarallax-no wpr-parallax-no wpr-sticky-section-no e-con e-child\" data-id=\"6e02ad4\" data-element_type=\"container\" data-e-type=\"container\">\n\t\t\t\t<div class=\"elementor-element elementor-element-f935867 elementor-widget elementor-widget-heading\" data-id=\"f935867\" data-element_type=\"widget\" data-e-type=\"widget\" data-widget_type=\"heading.default\">\n\t\t\t\t\t<h2 class=\"elementor-heading-title elementor-size-default\">Begins May 10, 2026<\/h2>\t\t\t\t<\/div>\n\t\t\t\t<div class=\"elementor-element elementor-element-a5b985c elementor-widget elementor-widget-heading\" data-id=\"a5b985c\" data-element_type=\"widget\" data-e-type=\"widget\" data-widget_type=\"heading.default\">\n\t\t\t\t\t<h2 class=\"elementor-heading-title elementor-size-default\">\nAdvanced Management Program\n<\/h2>\t\t\t\t<\/div>\n\t\t\t\t<\/div>\n\t\t<div class=\"elementor-element elementor-element-132e00c e-con-full e-flex wpr-particle-no wpr-jarallax-no wpr-parallax-no wpr-sticky-section-no e-con e-child\" data-id=\"132e00c\" data-element_type=\"container\" data-e-type=\"container\">\n\t\t\t\t<div class=\"elementor-element elementor-element-aaf6f37 elementor-widget elementor-widget-button\" data-id=\"aaf6f37\" data-element_type=\"widget\" data-e-type=\"widget\" data-widget_type=\"button.default\">\n\t\t\t\t\t\t\t\t\t\t<a class=\"elementor-button elementor-button-link elementor-size-sm\" href=\"#\">\n\t\t\t\t\t\t<span class=\"elementor-button-content-wrapper\">\n\t\t\t\t\t\t\t\t\t<span class=\"elementor-button-text\"> View Full Program<\/span>\n\t\t\t\t\t<\/span>\n\t\t\t\t\t<\/a>\n\t\t\t\t\t\t\t\t<\/div>\n\t\t\t\t<\/div>\n\t\t\t\t<\/div>\n\t\t<div class=\"elementor-element elementor-element-1309973 e-con-full e-flex wpr-particle-no wpr-jarallax-no wpr-parallax-no wpr-sticky-section-no e-con e-child\" data-id=\"1309973\" data-element_type=\"container\" data-e-type=\"container\">\n\t\t<div class=\"elementor-element elementor-element-2957c51 e-con-full e-flex wpr-particle-no wpr-jarallax-no wpr-parallax-no wpr-sticky-section-no e-con e-child\" data-id=\"2957c51\" data-element_type=\"container\" data-e-type=\"container\">\n\t\t\t\t<div class=\"elementor-element elementor-element-b063f13 elementor-widget elementor-widget-heading\" data-id=\"b063f13\" data-element_type=\"widget\" data-e-type=\"widget\" data-widget_type=\"heading.default\">\n\t\t\t\t\t<h2 class=\"elementor-heading-title elementor-size-default\">Begins May 10, 2026<\/h2>\t\t\t\t<\/div>\n\t\t\t\t<div class=\"elementor-element elementor-element-0a4efef elementor-widget elementor-widget-heading\" data-id=\"0a4efef\" data-element_type=\"widget\" data-e-type=\"widget\" data-widget_type=\"heading.default\">\n\t\t\t\t\t<h2 class=\"elementor-heading-title elementor-size-default\">General Management Program\n<\/h2>\t\t\t\t<\/div>\n\t\t\t\t<\/div>\n\t\t<div class=\"elementor-element elementor-element-22add28 e-con-full e-flex wpr-particle-no wpr-jarallax-no wpr-parallax-no wpr-sticky-section-no e-con e-child\" data-id=\"22add28\" data-element_type=\"container\" data-e-type=\"container\">\n\t\t\t\t<div class=\"elementor-element elementor-element-3d764c3 elementor-widget elementor-widget-button\" data-id=\"3d764c3\" data-element_type=\"widget\" data-e-type=\"widget\" data-widget_type=\"button.default\">\n\t\t\t\t\t\t\t\t\t\t<a class=\"elementor-button elementor-button-link elementor-size-sm\" href=\"#\">\n\t\t\t\t\t\t<span class=\"elementor-button-content-wrapper\">\n\t\t\t\t\t\t\t\t\t<span class=\"elementor-button-text\"> View Full Program<\/span>\n\t\t\t\t\t<\/span>\n\t\t\t\t\t<\/a>\n\t\t\t\t\t\t\t\t<\/div>\n\t\t\t\t<\/div>\n\t\t\t\t<\/div>\n\t\t<div class=\"elementor-element elementor-element-7f161ca e-con-full e-flex wpr-particle-no wpr-jarallax-no wpr-parallax-no wpr-sticky-section-no e-con e-child\" data-id=\"7f161ca\" data-element_type=\"container\" data-e-type=\"container\">\n\t\t<div class=\"elementor-element elementor-element-d6d0289 e-con-full e-flex wpr-particle-no wpr-jarallax-no wpr-parallax-no wpr-sticky-section-no e-con e-child\" data-id=\"d6d0289\" data-element_type=\"container\" data-e-type=\"container\">\n\t\t\t\t<div class=\"elementor-element elementor-element-973f3c7 elementor-widget elementor-widget-heading\" data-id=\"973f3c7\" data-element_type=\"widget\" data-e-type=\"widget\" data-widget_type=\"heading.default\">\n\t\t\t\t\t<h2 class=\"elementor-heading-title elementor-size-default\">Begins May 10, 2026<\/h2>\t\t\t\t<\/div>\n\t\t\t\t<div class=\"elementor-element elementor-element-fd38278 elementor-widget elementor-widget-heading\" data-id=\"fd38278\" data-element_type=\"widget\" data-e-type=\"widget\" data-widget_type=\"heading.default\">\n\t\t\t\t\t<h2 class=\"elementor-heading-title elementor-size-default\">\nProgram for Leadership Development\nA<\/h2>\t\t\t\t<\/div>\n\t\t\t\t<\/div>\n\t\t<div class=\"elementor-element elementor-element-02173cd e-con-full e-flex wpr-particle-no wpr-jarallax-no wpr-parallax-no wpr-sticky-section-no e-con e-child\" data-id=\"02173cd\" data-element_type=\"container\" data-e-type=\"container\">\n\t\t\t\t<div class=\"elementor-element elementor-element-d07cd06 elementor-widget elementor-widget-button\" data-id=\"d07cd06\" data-element_type=\"widget\" data-e-type=\"widget\" data-widget_type=\"button.default\">\n\t\t\t\t\t\t\t\t\t\t<a class=\"elementor-button elementor-button-link elementor-size-sm\" href=\"#\">\n\t\t\t\t\t\t<span class=\"elementor-button-content-wrapper\">\n\t\t\t\t\t\t\t\t\t<span class=\"elementor-button-text\"> View Full Program<\/span>\n\t\t\t\t\t<\/span>\n\t\t\t\t\t<\/a>\n\t\t\t\t\t\t\t\t<\/div>\n\t\t\t\t<\/div>\n\t\t\t\t<\/div>\n\t\t<div class=\"elementor-element elementor-element-877ef3c e-con-full e-flex wpr-particle-no wpr-jarallax-no wpr-parallax-no wpr-sticky-section-no e-con e-child\" data-id=\"877ef3c\" data-element_type=\"container\" data-e-type=\"container\">\n\t\t<div class=\"elementor-element elementor-element-51d0dec e-con-full e-flex wpr-particle-no wpr-jarallax-no wpr-parallax-no wpr-sticky-section-no e-con e-child\" data-id=\"51d0dec\" data-element_type=\"container\" data-e-type=\"container\">\n\t\t\t\t<div class=\"elementor-element elementor-element-06c9e27 elementor-widget elementor-widget-heading\" data-id=\"06c9e27\" data-element_type=\"widget\" data-e-type=\"widget\" data-widget_type=\"heading.default\">\n\t\t\t\t\t<h2 class=\"elementor-heading-title elementor-size-default\">Begins May 10, 2026<\/h2>\t\t\t\t<\/div>\n\t\t\t\t<div class=\"elementor-element elementor-element-4cc4d2b elementor-widget elementor-widget-heading\" data-id=\"4cc4d2b\" data-element_type=\"widget\" data-e-type=\"widget\" data-widget_type=\"heading.default\">\n\t\t\t\t\t<h2 class=\"elementor-heading-title elementor-size-default\">\nProgram for Leadership Development\nA<\/h2>\t\t\t\t<\/div>\n\t\t\t\t<\/div>\n\t\t<div class=\"elementor-element elementor-element-8f30047 e-con-full e-flex wpr-particle-no wpr-jarallax-no wpr-parallax-no wpr-sticky-section-no e-con e-child\" data-id=\"8f30047\" data-element_type=\"container\" data-e-type=\"container\">\n\t\t\t\t<div class=\"elementor-element elementor-element-a8e4a32 elementor-widget elementor-widget-button\" data-id=\"a8e4a32\" data-element_type=\"widget\" data-e-type=\"widget\" data-widget_type=\"button.default\">\n\t\t\t\t\t\t\t\t\t\t<a class=\"elementor-button elementor-button-link elementor-size-sm\" href=\"#\">\n\t\t\t\t\t\t<span class=\"elementor-button-content-wrapper\">\n\t\t\t\t\t\t\t\t\t<span class=\"elementor-button-text\"> View Full Program<\/span>\n\t\t\t\t\t<\/span>\n\t\t\t\t\t<\/a>\n\t\t\t\t\t\t\t\t<\/div>\n\t\t\t\t<\/div>\n\t\t\t\t<\/div>\n\t\t\t\t<\/div>\n\t\t\t\t\t<\/div>\n\t\t\t\t<\/div>\n\t\t\t\t<\/div>\n\t\t","protected":false},"excerpt":{"rendered":"<p>Formations Un espace de lecture, de r\u00e9flexion et de partage des id\u00e9es. Rejoindre le club Participer aux activit\u00e9s Topics Filter by\u00a0General Management\u00a03General Management\u00a03Filter by\u00a0Leadership\u00a04Leadership\u00a04\u00a0 Formats Filter by\u00a0Blended\u00a03Blended\u00a03Filter by\u00a0In-Person\u00a04In-Person\u00a04\u00a0 Program Types Filter by\u00a0Leadership Immersions\u00a07Leadership Immersions\u00a07Filter by\u00a0Topic-Focused Programs\u00a059Topic-Focused Programs\u00a059\u00a0 Filter by Program Start Date \u2013 \u00a0 Begins May 10, 2026 Owner\/President Management View Full Program Begins May 10, 2026 Program for Leadership Development A View Full Program Begins May 10, 2026 Advanced Management Program View Full Program Begins May 10, 2026 General Management Program View Full Program Begins May 10, 2026 Program for Leadership Development A View Full Program Begins May 10, 2026 Program for Leadership Development A View Full Program<\/p>","protected":false},"author":2,"featured_media":0,"parent":0,"menu_order":0,"comment_status":"closed","ping_status":"closed","template":"elementor_header_footer","meta":{"footnotes":""},"class_list":["post-1065","page","type-page","status-publish","hentry"],"_links":{"self":[{"href":"https:\/\/toudeh-pmo.com\/en\/wp-json\/wp\/v2\/pages\/1065","targetHints":{"allow":["GET"]}}],"collection":[{"href":"https:\/\/toudeh-pmo.com\/en\/wp-json\/wp\/v2\/pages"}],"about":[{"href":"https:\/\/toudeh-pmo.com\/en\/wp-json\/wp\/v2\/types\/page"}],"author":[{"embeddable":true,"href":"https:\/\/toudeh-pmo.com\/en\/wp-json\/wp\/v2\/users\/2"}],"replies":[{"embeddable":true,"href":"https:\/\/toudeh-pmo.com\/en\/wp-json\/wp\/v2\/comments?post=1065"}],"version-history":[{"count":95,"href":"https:\/\/toudeh-pmo.com\/en\/wp-json\/wp\/v2\/pages\/1065\/revisions"}],"predecessor-version":[{"id":1337,"href":"https:\/\/toudeh-pmo.com\/en\/wp-json\/wp\/v2\/pages\/1065\/revisions\/1337"}],"wp:attachment":[{"href":"https:\/\/toudeh-pmo.com\/en\/wp-json\/wp\/v2\/media?parent=1065"}],"curies":[{"name":"wp","href":"https:\/\/api.w.org\/{rel}","templated":true}]}}